{"id":32352,"date":"2024-11-06T14:26:58","date_gmt":"2024-11-06T13:26:58","guid":{"rendered":"https:\/\/rehabklinik.sk\/slavka-pasmikova\/"},"modified":"2025-02-04T16:29:25","modified_gmt":"2025-02-04T15:29:25","slug":"slavka-pasmikova","status":"publish","type":"page","link":"https:\/\/rehabklinik.sk\/en\/slavka-pasmikova\/","title":{"rendered":"Slavka Pa\u0161m\u00edkov\u00e1"},"content":{"rendered":"\t\t<div data-elementor-type=\"wp-page\" data-elementor-id=\"32352\" class=\"elementor elementor-32352 elementor-29650\" data-elementor-post-type=\"page\">\n\t\t\t\t<div class=\"elementor-element elementor-element-e60b7f5 e-flex e-con-boxed e-con e-parent\" data-id=\"e60b7f5\" data-element_type=\"container\" data-e-type=\"container\" data-settings=\"{&quot;background_background&quot;:&quot;gradient&quot;,&quot;shape_divider_bottom&quot;:&quot;waves&quot;}\">\n\t\t\t\t\t<div class=\"e-con-inner\">\n\t\t\t\t<div class=\"elementor-shape elementor-shape-bottom\" aria-hidden=\"true\" data-negative=\"false\">\n\t\t\t<svg xmlns=\"http:\/\/www.w3.org\/2000\/svg\" viewBox=\"0 0 1000 100\" preserveAspectRatio=\"none\">\n\t<path class=\"elementor-shape-fill\" d=\"M421.9,6.5c22.6-2.5,51.5,0.4,75.5,5.3c23.6,4.9,70.9,23.5,100.5,35.7c75.8,32.2,133.7,44.5,192.6,49.7\n\tc23.6,2.1,48.7,3.5,103.4-2.5c54.7-6,106.2-25.6,106.2-25.6V0H0v30.3c0,0,72,32.6,158.4,30.5c39.2-0.7,92.8-6.7,134-22.4\n\tc21.2-8.1,52.2-18.2,79.7-24.2C399.3,7.9,411.6,7.5,421.9,6.5z\"\/>\n<\/svg>\t\t<\/div>\n\t\t\t\t<div class=\"elementor-element elementor-element-a129ab8 elementor-widget elementor-widget-heading\" data-id=\"a129ab8\" data-element_type=\"widget\" data-e-type=\"widget\" data-widget_type=\"heading.default\">\n\t\t\t\t<div class=\"elementor-widget-container\">\n\t\t\t\t\t<h1 class=\"elementor-heading-title elementor-size-default\">Slavka Pa\u0161m\u00edkov\u00e1<\/h1>\t\t\t\t<\/div>\n\t\t\t\t<\/div>\n\t\t\t\t<div class=\"elementor-element elementor-element-1f40cf2 elementor-widget elementor-widget-heading\" data-id=\"1f40cf2\" data-element_type=\"widget\" data-e-type=\"widget\" data-widget_type=\"heading.default\">\n\t\t\t\t<div class=\"elementor-widget-container\">\n\t\t\t\t\t<h3 class=\"elementor-heading-title elementor-size-default\">receptionist <\/h3>\t\t\t\t<\/div>\n\t\t\t\t<\/div>\n\t\t\t\t\t<\/div>\n\t\t\t\t<\/div>\n\t\t<div class=\"elementor-element elementor-element-d05c474 e-flex e-con-boxed e-con e-parent\" data-id=\"d05c474\" data-element_type=\"container\" data-e-type=\"container\">\n\t\t\t\t\t<div class=\"e-con-inner\">\n\t\t\t\t<div class=\"elementor-element elementor-element-d1e515a elementor-widget elementor-widget-image\" data-id=\"d1e515a\" data-element_type=\"widget\" data-e-type=\"widget\" data-widget_type=\"image.default\">\n\t\t\t\t<div class=\"elementor-widget-container\">\n\t\t\t\t\t\t\t\t\t\t\t\t\t\t\t<img fetchpriority=\"high\" decoding=\"async\" width=\"600\" height=\"600\" src=\"https:\/\/rehabklinik.sk\/wp-content\/uploads\/2024\/11\/slavka-pasmikova.jpg\" class=\"attachment-medium_large size-medium_large wp-image-32176\" alt=\"\" srcset=\"https:\/\/rehabklinik.sk\/wp-content\/uploads\/2024\/11\/slavka-pasmikova.jpg 600w, https:\/\/rehabklinik.sk\/wp-content\/uploads\/2024\/11\/slavka-pasmikova-300x300.jpg 300w, https:\/\/rehabklinik.sk\/wp-content\/uploads\/2024\/11\/slavka-pasmikova-150x150.jpg 150w\" sizes=\"(max-width: 600px) 100vw, 600px\" \/>\t\t\t\t\t\t\t\t\t\t\t\t\t\t\t<\/div>\n\t\t\t\t<\/div>\n\t\t\t\t<div class=\"elementor-element elementor-element-3d35347 elementor-widget elementor-widget-text-editor\" data-id=\"3d35347\" data-element_type=\"widget\" data-e-type=\"widget\" data-widget_type=\"text-editor.default\">\n\t\t\t\t<div class=\"elementor-widget-container\">\n\t\t\t\t\t\t\t\t\t<p>Slavka welcomes all our clients and guides them appropriately to her therapy. With extensive experience in various environments, including international companies, and the ability to solve problems effectively, she is always willing to advise, help and answer all your questions.<br \/>In person, by phone or by e-mail, in Slovak and English as needed. She also processes your online orders on our e-shop and is happy to advise on the offered goods or the status of your order.<br \/>Thanks to her years abroad and a positive approach, her motto is: &#8220;the customer, our master!&#8221;  <\/p>\n\t\t\t\t\t\t\t\t<\/div>\n\t\t\t\t<\/div>\n\t\t\t\t\t<\/div>\n\t\t\t\t<\/div>\n\t\t\t\t<\/div>\n\t\t","protected":false},"excerpt":{"rendered":"<p>receptionist Slavka welcomes all our clients and guides them appropriately to her therapy. With extensive experience in various environments, including international companies, and the ability to solve problems effectively, she is always willing to advise, help and answer all your questions.In person, by phone or by e-mail, in Slovak and English as needed. She also [&hellip;]<\/p>\n","protected":false},"author":1,"featured_media":0,"parent":0,"menu_order":0,"comment_status":"closed","ping_status":"closed","template":"elementor_header_footer","meta":{"footnotes":""},"class_list":["post-32352","page","type-page","status-publish","hentry"],"yoast_head":"<!-- This site is optimized with the Yoast SEO plugin v27.4 - https:\/\/yoast.com\/product\/yoast-seo-wordpress\/ -->\n<title>Slavka Pa\u0161m\u00edkov\u00e1 - Rehab Klinik<\/title>\n<meta name=\"robots\" content=\"index, follow, max-snippet:-1, max-image-preview:large, max-video-preview:-1\" \/>\n<link rel=\"canonical\" href=\"https:\/\/rehabklinik.sk\/en\/slavka-pasmikova\/\" \/>\n<meta property=\"og:locale\" content=\"en_US\" \/>\n<meta property=\"og:type\" content=\"article\" \/>\n<meta property=\"og:title\" content=\"Slavka Pa\u0161m\u00edkov\u00e1 - Rehab Klinik\" \/>\n<meta property=\"og:description\" content=\"receptionist Slavka welcomes all our clients and guides them appropriately to her therapy. With extensive experience in various environments, including international companies, and the ability to solve problems effectively, she is always willing to advise, help and answer all your questions.In person, by phone or by e-mail, in Slovak and English as needed. She also [&hellip;]\" \/>\n<meta property=\"og:url\" content=\"https:\/\/rehabklinik.sk\/en\/slavka-pasmikova\/\" \/>\n<meta property=\"og:site_name\" content=\"Rehab Klinik\" \/>\n<meta property=\"article:publisher\" content=\"https:\/\/www.facebook.com\/rehabklinik\" \/>\n<meta property=\"article:modified_time\" content=\"2025-02-04T15:29:25+00:00\" \/>\n<meta property=\"og:image\" content=\"https:\/\/rehabklinik.sk\/wp-content\/uploads\/2024\/11\/slavka-pasmikova.jpg\" \/>\n\t<meta property=\"og:image:width\" content=\"600\" \/>\n\t<meta property=\"og:image:height\" content=\"600\" \/>\n\t<meta property=\"og:image:type\" content=\"image\/jpeg\" \/>\n<meta name=\"twitter:card\" content=\"summary_large_image\" \/>\n<script type=\"application\/ld+json\" class=\"yoast-schema-graph\">{\"@context\":\"https:\\\/\\\/schema.org\",\"@graph\":[{\"@type\":\"WebPage\",\"@id\":\"https:\\\/\\\/rehabklinik.sk\\\/en\\\/slavka-pasmikova\\\/\",\"url\":\"https:\\\/\\\/rehabklinik.sk\\\/en\\\/slavka-pasmikova\\\/\",\"name\":\"Slavka Pa\u0161m\u00edkov\u00e1 - Rehab Klinik\",\"isPartOf\":{\"@id\":\"https:\\\/\\\/rehabklinik.sk\\\/en\\\/#website\"},\"primaryImageOfPage\":{\"@id\":\"https:\\\/\\\/rehabklinik.sk\\\/en\\\/slavka-pasmikova\\\/#primaryimage\"},\"image\":{\"@id\":\"https:\\\/\\\/rehabklinik.sk\\\/en\\\/slavka-pasmikova\\\/#primaryimage\"},\"thumbnailUrl\":\"https:\\\/\\\/rehabklinik.sk\\\/wp-content\\\/uploads\\\/2024\\\/11\\\/slavka-pasmikova.jpg\",\"datePublished\":\"2024-11-06T13:26:58+00:00\",\"dateModified\":\"2025-02-04T15:29:25+00:00\",\"inLanguage\":\"en-US\",\"potentialAction\":[{\"@type\":\"ReadAction\",\"target\":[\"https:\\\/\\\/rehabklinik.sk\\\/en\\\/slavka-pasmikova\\\/\"]}]},{\"@type\":\"ImageObject\",\"inLanguage\":\"en-US\",\"@id\":\"https:\\\/\\\/rehabklinik.sk\\\/en\\\/slavka-pasmikova\\\/#primaryimage\",\"url\":\"https:\\\/\\\/rehabklinik.sk\\\/wp-content\\\/uploads\\\/2024\\\/11\\\/slavka-pasmikova.jpg\",\"contentUrl\":\"https:\\\/\\\/rehabklinik.sk\\\/wp-content\\\/uploads\\\/2024\\\/11\\\/slavka-pasmikova.jpg\"},{\"@type\":\"WebSite\",\"@id\":\"https:\\\/\\\/rehabklinik.sk\\\/en\\\/#website\",\"url\":\"https:\\\/\\\/rehabklinik.sk\\\/en\\\/\",\"name\":\"Rehab Klinik\",\"description\":\"Private physiotherapy Bratislava\",\"publisher\":{\"@id\":\"https:\\\/\\\/rehabklinik.sk\\\/en\\\/#organization\"},\"potentialAction\":[{\"@type\":\"SearchAction\",\"target\":{\"@type\":\"EntryPoint\",\"urlTemplate\":\"https:\\\/\\\/rehabklinik.sk\\\/en\\\/?s={search_term_string}\"},\"query-input\":{\"@type\":\"PropertyValueSpecification\",\"valueRequired\":true,\"valueName\":\"search_term_string\"}}],\"inLanguage\":\"en-US\"},{\"@type\":\"Organization\",\"@id\":\"https:\\\/\\\/rehabklinik.sk\\\/en\\\/#organization\",\"name\":\"Rehab-Klinik, s.r.o.\",\"url\":\"https:\\\/\\\/rehabklinik.sk\\\/en\\\/\",\"logo\":{\"@type\":\"ImageObject\",\"inLanguage\":\"en-US\",\"@id\":\"https:\\\/\\\/rehabklinik.sk\\\/en\\\/#\\\/schema\\\/logo\\\/image\\\/\",\"url\":\"https:\\\/\\\/rehabklinik.sk\\\/wp-content\\\/uploads\\\/2024\\\/09\\\/logo-rehab-klinik.png\",\"contentUrl\":\"https:\\\/\\\/rehabklinik.sk\\\/wp-content\\\/uploads\\\/2024\\\/09\\\/logo-rehab-klinik.png\",\"width\":2364,\"height\":940,\"caption\":\"Rehab-Klinik, s.r.o.\"},\"image\":{\"@id\":\"https:\\\/\\\/rehabklinik.sk\\\/en\\\/#\\\/schema\\\/logo\\\/image\\\/\"},\"sameAs\":[\"https:\\\/\\\/www.facebook.com\\\/rehabklinik\",\"https:\\\/\\\/www.instagram.com\\\/rehabklinik\\\/\"]}]}<\/script>\n<!-- \/ Yoast SEO plugin. -->","yoast_head_json":{"title":"Slavka Pa\u0161m\u00edkov\u00e1 - Rehab Klinik","robots":{"index":"index","follow":"follow","max-snippet":"max-snippet:-1","max-image-preview":"max-image-preview:large","max-video-preview":"max-video-preview:-1"},"canonical":"https:\/\/rehabklinik.sk\/en\/slavka-pasmikova\/","og_locale":"en_US","og_type":"article","og_title":"Slavka Pa\u0161m\u00edkov\u00e1 - Rehab Klinik","og_description":"receptionist Slavka welcomes all our clients and guides them appropriately to her therapy. With extensive experience in various environments, including international companies, and the ability to solve problems effectively, she is always willing to advise, help and answer all your questions.In person, by phone or by e-mail, in Slovak and English as needed. She also [&hellip;]","og_url":"https:\/\/rehabklinik.sk\/en\/slavka-pasmikova\/","og_site_name":"Rehab Klinik","article_publisher":"https:\/\/www.facebook.com\/rehabklinik","article_modified_time":"2025-02-04T15:29:25+00:00","og_image":[{"width":600,"height":600,"url":"https:\/\/rehabklinik.sk\/wp-content\/uploads\/2024\/11\/slavka-pasmikova.jpg","type":"image\/jpeg"}],"twitter_card":"summary_large_image","schema":{"@context":"https:\/\/schema.org","@graph":[{"@type":"WebPage","@id":"https:\/\/rehabklinik.sk\/en\/slavka-pasmikova\/","url":"https:\/\/rehabklinik.sk\/en\/slavka-pasmikova\/","name":"Slavka Pa\u0161m\u00edkov\u00e1 - Rehab Klinik","isPartOf":{"@id":"https:\/\/rehabklinik.sk\/en\/#website"},"primaryImageOfPage":{"@id":"https:\/\/rehabklinik.sk\/en\/slavka-pasmikova\/#primaryimage"},"image":{"@id":"https:\/\/rehabklinik.sk\/en\/slavka-pasmikova\/#primaryimage"},"thumbnailUrl":"https:\/\/rehabklinik.sk\/wp-content\/uploads\/2024\/11\/slavka-pasmikova.jpg","datePublished":"2024-11-06T13:26:58+00:00","dateModified":"2025-02-04T15:29:25+00:00","inLanguage":"en-US","potentialAction":[{"@type":"ReadAction","target":["https:\/\/rehabklinik.sk\/en\/slavka-pasmikova\/"]}]},{"@type":"ImageObject","inLanguage":"en-US","@id":"https:\/\/rehabklinik.sk\/en\/slavka-pasmikova\/#primaryimage","url":"https:\/\/rehabklinik.sk\/wp-content\/uploads\/2024\/11\/slavka-pasmikova.jpg","contentUrl":"https:\/\/rehabklinik.sk\/wp-content\/uploads\/2024\/11\/slavka-pasmikova.jpg"},{"@type":"WebSite","@id":"https:\/\/rehabklinik.sk\/en\/#website","url":"https:\/\/rehabklinik.sk\/en\/","name":"Rehab Klinik","description":"Private physiotherapy Bratislava","publisher":{"@id":"https:\/\/rehabklinik.sk\/en\/#organization"},"potentialAction":[{"@type":"SearchAction","target":{"@type":"EntryPoint","urlTemplate":"https:\/\/rehabklinik.sk\/en\/?s={search_term_string}"},"query-input":{"@type":"PropertyValueSpecification","valueRequired":true,"valueName":"search_term_string"}}],"inLanguage":"en-US"},{"@type":"Organization","@id":"https:\/\/rehabklinik.sk\/en\/#organization","name":"Rehab-Klinik, s.r.o.","url":"https:\/\/rehabklinik.sk\/en\/","logo":{"@type":"ImageObject","inLanguage":"en-US","@id":"https:\/\/rehabklinik.sk\/en\/#\/schema\/logo\/image\/","url":"https:\/\/rehabklinik.sk\/wp-content\/uploads\/2024\/09\/logo-rehab-klinik.png","contentUrl":"https:\/\/rehabklinik.sk\/wp-content\/uploads\/2024\/09\/logo-rehab-klinik.png","width":2364,"height":940,"caption":"Rehab-Klinik, s.r.o."},"image":{"@id":"https:\/\/rehabklinik.sk\/en\/#\/schema\/logo\/image\/"},"sameAs":["https:\/\/www.facebook.com\/rehabklinik","https:\/\/www.instagram.com\/rehabklinik\/"]}]}},"_links":{"self":[{"href":"https:\/\/rehabklinik.sk\/en\/wp-json\/wp\/v2\/pages\/32352","targetHints":{"allow":["GET"]}}],"collection":[{"href":"https:\/\/rehabklinik.sk\/en\/wp-json\/wp\/v2\/pages"}],"about":[{"href":"https:\/\/rehabklinik.sk\/en\/wp-json\/wp\/v2\/types\/page"}],"author":[{"embeddable":true,"href":"https:\/\/rehabklinik.sk\/en\/wp-json\/wp\/v2\/users\/1"}],"replies":[{"embeddable":true,"href":"https:\/\/rehabklinik.sk\/en\/wp-json\/wp\/v2\/comments?post=32352"}],"version-history":[{"count":1,"href":"https:\/\/rehabklinik.sk\/en\/wp-json\/wp\/v2\/pages\/32352\/revisions"}],"predecessor-version":[{"id":32353,"href":"https:\/\/rehabklinik.sk\/en\/wp-json\/wp\/v2\/pages\/32352\/revisions\/32353"}],"wp:attachment":[{"href":"https:\/\/rehabklinik.sk\/en\/wp-json\/wp\/v2\/media?parent=32352"}],"curies":[{"name":"wp","href":"https:\/\/api.w.org\/{rel}","templated":true}]}}