{"id":32350,"date":"2024-10-27T17:37:28","date_gmt":"2024-10-27T16:37:28","guid":{"rendered":"https:\/\/rehabklinik.sk\/rehabilitation-dictionary\/"},"modified":"2025-02-04T16:28:58","modified_gmt":"2025-02-04T15:28:58","slug":"rehabilitation-dictionary","status":"publish","type":"page","link":"https:\/\/rehabklinik.sk\/en\/rehabilitation-dictionary\/","title":{"rendered":"Rehabilitation dictionary"},"content":{"rendered":"\t\t<div data-elementor-type=\"wp-page\" data-elementor-id=\"32350\" class=\"elementor elementor-32350 elementor-28800\" data-elementor-post-type=\"page\">\n\t\t\t\t<div class=\"elementor-element elementor-element-15568115 e-flex e-con-boxed e-con e-parent\" data-id=\"15568115\" data-element_type=\"container\" data-e-type=\"container\" data-settings=\"{&quot;background_background&quot;:&quot;gradient&quot;,&quot;shape_divider_bottom&quot;:&quot;waves&quot;}\">\n\t\t\t\t\t<div class=\"e-con-inner\">\n\t\t\t\t<div class=\"elementor-shape elementor-shape-bottom\" aria-hidden=\"true\" data-negative=\"false\">\n\t\t\t<svg xmlns=\"http:\/\/www.w3.org\/2000\/svg\" viewBox=\"0 0 1000 100\" preserveAspectRatio=\"none\">\n\t<path class=\"elementor-shape-fill\" d=\"M421.9,6.5c22.6-2.5,51.5,0.4,75.5,5.3c23.6,4.9,70.9,23.5,100.5,35.7c75.8,32.2,133.7,44.5,192.6,49.7\n\tc23.6,2.1,48.7,3.5,103.4-2.5c54.7-6,106.2-25.6,106.2-25.6V0H0v30.3c0,0,72,32.6,158.4,30.5c39.2-0.7,92.8-6.7,134-22.4\n\tc21.2-8.1,52.2-18.2,79.7-24.2C399.3,7.9,411.6,7.5,421.9,6.5z\"\/>\n<\/svg>\t\t<\/div>\n\t\t\t\t<div class=\"elementor-element elementor-element-74e5bc23 elementor-widget elementor-widget-heading\" data-id=\"74e5bc23\" data-element_type=\"widget\" data-e-type=\"widget\" data-widget_type=\"heading.default\">\n\t\t\t\t<div class=\"elementor-widget-container\">\n\t\t\t\t\t<h1 class=\"elementor-heading-title elementor-size-default\">Rehabilitation dictionary<\/h1>\t\t\t\t<\/div>\n\t\t\t\t<\/div>\n\t\t\t\t\t<\/div>\n\t\t\t\t<\/div>\n\t\t<div class=\"elementor-element elementor-element-6623a5d3 e-flex e-con-boxed e-con e-parent\" data-id=\"6623a5d3\" data-element_type=\"container\" data-e-type=\"container\" data-settings=\"{&quot;background_background&quot;:&quot;classic&quot;}\">\n\t\t\t\t\t<div class=\"e-con-inner\">\n\t\t\t\t<div class=\"elementor-element elementor-element-4ef90bb elementor-widget elementor-widget-text-editor\" data-id=\"4ef90bb\" data-element_type=\"widget\" data-e-type=\"widget\" data-widget_type=\"text-editor.default\">\n\t\t\t\t<div class=\"elementor-widget-container\">\n\t\t\t\t\t\t\t\t\t<p>Abduction &#8211; movement of a body part away from the central axis of the body <br \/>AC &#8211; acromioclavicular joint <br \/>ACL &#8211; anterior cruciate ligament <br \/>Adduction &#8211; movement of a body part towards the central axis of the body <br \/>Adhesive capsulitis-frozen shoulder &#8211; wrinkling of the joint capsule leading to pain and limited range of motion <br \/>Algia &#8211; pain<br \/>Antalgic position &#8211; relief position<br \/>Arthroscopy &#8211; joint surgery in which optics are inserted<br \/>Arthrosis &#8211; worsening degenerative joint disease<br \/>Blockade &#8211; sudden restriction of movement in a joint due to pathological structural, intra-articular changes. <br \/>Bursa &#8211; a small sac in the area of the joints and tendons that reduces friction <br \/>Bursitis &#8211; inflammation of the bursa <br \/>Central nervous system (CNS) &#8211; main nervous system (brain+spinal cord) <br \/>Cervical <br \/>Clavicula &#8211; collarbone <br \/>Cranium &#8211; skull <br \/>Distortion &#8211; dislocation, sprain <br \/>Extension &#8211; straightening a body part <br \/>Fascia &#8211; connective tissue forming the covering of all structures <br \/>Phasic muscles &#8211; ensure the movement of the body in space <br \/>Femur &#8211; thigh bone <br \/>Flexion &#8211; bending of a body part <br \/>Fracture &#8211; a break in the integrity of a bone <br \/>Gonarthrosis &#8211; knee osteoarthritis &#8211; degenerative knee disease <br \/>Disc herniation &#8211; bulging of the intervertebral disc without breaking the outer layer <br \/>Humerus &#8211; shoulder bone <br \/>Hypertonus &#8211; increased muscle tension <br \/>Hypermobilita &#8211; zv\u00e4\u010d\u0161en\u00e1 ohybnos\u0165 <br \/>ADHD &#8211; Attention Deficit Disorder <br \/>ADD &#8211; attention deficit disorder <br \/>Asperger&#8217;s syndrome &#8211; a congenital neuropsychiatric disorder similar to autism <br \/>LMD &#8211; mild cerebral dysfunction <br \/>Hypotonus &#8211; decreased muscle tension <br \/>Impingement syndrome &#8211; irritation to inflammation of the bursa <br \/>Joint &#8211; a movable connection between two bones that allows movement, on one side is the head of the bone and on the other side is the joint socket <br \/>Joint capsule &#8211; Surrounds the entire joint, has 2 layers, the inner one produces synovial fluid <br \/>Coxarthrosis &#8211; arthrosis of the hip joint, <br \/>Kyphosis &#8211; a natural backward curvature of the spine <br \/>Lateral &#8211; facing outward, external <br \/>Latero &#8211; flexion &#8211; bow <br \/>LCL &#8211; lateral collateral ligament <br \/>Lesion &#8211; damage to any part <br \/>Ligamentum &#8211; tendon; a strong, inelastic structure that connects muscle and bone or bone and bone<br \/>Lordosis &#8211; natural forward curvature of the spine<br \/>Lumbalgia &#8211; pain in the lower back<br \/>Lumbar &#8211; lumbar<br \/>Luxoration &#8211; a condition in which the joint head is forced out of the socket. <br \/>Mandible &#8211; jaw<br \/>Manipulation &#8211; a manual impact maneuver to remove joint blockage, thereby restoring limited joint mobility. <br \/>MCL &#8211; medial collateral ligament <br \/>Medial &#8211; facing inward <br \/>Menisectomy &#8211; surgical removal of the meniscus<br \/>Menisectomy parcialis &#8211; partial removal of the meniscus<br \/>Meniscus &#8211; Cartilaginous structure located between the joint surfaces that absorbs shocks and smooths the surface<br \/>MM &#8211; medial meniscus<br \/>Mobilization &#8211; a maneuver similar to manipulation, but performed more gently, in a repetitive manner, without a shock impulse. <br \/>Myo &#8211; muscle <br \/>Myofascial &#8211; muscle-fascial <br \/>Neuropathy &#8211; a lesion of one or more peripheral nerves <br \/>Osteophytes &#8211; bone growth <br \/>Palpably &#8211; by touch <br \/>Paresthesia &#8211; sensitivity disorder <br \/>Paresis &#8211; partial loss of movement <br \/>Patella &#8211; The bone of the knee joint inserted into the tendon of the quadriceps femoris muscle. (Kneecap) <br \/>PCL &#8211; posterior cruciate ligament <br \/>Peripheral &#8211; marginal, farther from the center <br \/>Plegia &#8211; complete loss of mobility <br \/>Posture &#8211; body posture <br \/>Pronation &#8211; Rotation of the forearm or foot towards the body <br \/>Protrusion &#8211; of the intervertebral disc with disruption of the outer layer <br \/>Receptor &#8211; a receiver that receives and sends a stimulus from the external and internal environment <br \/>Reflex point &#8211; a point transmitting a stimulus through a reflex arc <br \/>Retinaculum &#8211; a tough band of connective tissue <br \/>Rigid &#8211; immobile <br \/>Sacrum &#8211; sacrum <br \/>Sacroiliac joint (SI) &#8211; joint of the sacrum and pelvis <br \/>Scapula &#8211; shoulder blade <br \/>Shaving <br \/>Scoliosis &#8211; unnatural curvature of the spine <br \/>Spasm &#8211; a sudden, involuntary contraction of one or more muscles <br \/>Stenosis &#8211; narrowing <br \/>Stereotype &#8211; correct engagement of muscle coordination in time sequence <br \/>Sternum &#8211; breastbone <br \/>Supination &#8211; Rotation of the forearm or leg away from the body <br \/>Suture &#8211; sewing <br \/>Symptom &#8211; manifestation of disease <br \/>Syndrome &#8211; a set of symptoms <br \/>Synovial fluid &#8211; joint lubricant; reduces friction and nourishes cartilage <br \/>Tender point &#8211; painful point on the tendon <br \/>Tendinitis &#8211; inflammation of the tendon <br \/>TEP &#8211; surgical joint replacement <br \/>Tibia\/Fibula &#8211; lower leg bones <br \/>Tonic muscles &#8211; ensure body posture in space <br \/>Tonus &#8211; muscle tension <br \/>Thoracic &#8211; chest <br \/>Tossi\/Rockwood &#8211; degree of AC joint dislocation\/damage <br \/>Traction &#8211; pull<br \/>Trigger point &#8211; painful point on the muscle <br \/>Ulna\/Radius &#8211; bones of the forearm <br \/>Valgus &#8211; position in the joint to X <br \/>Varus &#8211; position in the joint in the O position <br \/>Vertebra <br \/>Vertigo &#8211; dizziness, spinning of the head <br \/>Wiberg &#8211; patella shape classification <br \/>Proprioception &#8211; position <br \/>Hemiparesis &#8211; partial paralysis of one half of the body <br \/>Paraparesis &#8211; paralysis of the lower body <br \/>Hemangioma on the spine &#8211; a benign tumor<\/p><\/p>\n\t\t\t\t\t\t\t\t<\/div>\n\t\t\t\t<\/div>\n\t\t\t\t\t<\/div>\n\t\t\t\t<\/div>\n\t\t\t\t<\/div>\n\t\t","protected":false},"excerpt":{"rendered":"<p>Rehabilitation dictionary Abduction &#8211; movement of a body part away from the central axis of the body AC &#8211; acromioclavicular joint ACL &#8211; anterior cruciate ligament Adduction &#8211; movement of a body part towards the central axis of the body Adhesive capsulitis-frozen shoulder &#8211; wrinkling of the joint capsule leading to pain and limited range [&hellip;]<\/p>\n","protected":false},"author":1,"featured_media":0,"parent":0,"menu_order":0,"comment_status":"closed","ping_status":"closed","template":"elementor_header_footer","meta":{"footnotes":""},"class_list":["post-32350","page","type-page","status-publish","hentry"],"yoast_head":"<!-- This site is optimized with the Yoast SEO plugin v27.1.1 - https:\/\/yoast.com\/product\/yoast-seo-wordpress\/ -->\n<title>Rehabilitation dictionary - Rehab Klinik<\/title>\n<meta name=\"robots\" content=\"index, follow, max-snippet:-1, max-image-preview:large, max-video-preview:-1\" \/>\n<link rel=\"canonical\" href=\"https:\/\/rehabklinik.sk\/en\/rehabilitation-dictionary\/\" \/>\n<meta property=\"og:locale\" content=\"en_US\" \/>\n<meta property=\"og:type\" content=\"article\" \/>\n<meta property=\"og:title\" content=\"Rehabilitation dictionary - Rehab Klinik\" \/>\n<meta property=\"og:description\" content=\"Rehabilitation dictionary Abduction &#8211; movement of a body part away from the central axis of the body AC &#8211; acromioclavicular joint ACL &#8211; anterior cruciate ligament Adduction &#8211; movement of a body part towards the central axis of the body Adhesive capsulitis-frozen shoulder &#8211; wrinkling of the joint capsule leading to pain and limited range [&hellip;]\" \/>\n<meta property=\"og:url\" content=\"https:\/\/rehabklinik.sk\/en\/rehabilitation-dictionary\/\" \/>\n<meta property=\"og:site_name\" content=\"Rehab Klinik\" \/>\n<meta property=\"article:publisher\" content=\"https:\/\/www.facebook.com\/rehabklinik\" \/>\n<meta property=\"article:modified_time\" content=\"2025-02-04T15:28:58+00:00\" \/>\n<meta name=\"twitter:card\" content=\"summary_large_image\" \/>\n<meta name=\"twitter:label1\" content=\"Est. reading time\" \/>\n\t<meta name=\"twitter:data1\" content=\"4 minutes\" \/>\n<script type=\"application\/ld+json\" class=\"yoast-schema-graph\">{\"@context\":\"https:\/\/schema.org\",\"@graph\":[{\"@type\":\"WebPage\",\"@id\":\"https:\/\/rehabklinik.sk\/en\/rehabilitation-dictionary\/\",\"url\":\"https:\/\/rehabklinik.sk\/en\/rehabilitation-dictionary\/\",\"name\":\"Rehabilitation dictionary - Rehab Klinik\",\"isPartOf\":{\"@id\":\"https:\/\/rehabklinik.sk\/en\/#website\"},\"datePublished\":\"2024-10-27T16:37:28+00:00\",\"dateModified\":\"2025-02-04T15:28:58+00:00\",\"inLanguage\":\"en-US\",\"potentialAction\":[{\"@type\":\"ReadAction\",\"target\":[\"https:\/\/rehabklinik.sk\/en\/rehabilitation-dictionary\/\"]}]},{\"@type\":\"WebSite\",\"@id\":\"https:\/\/rehabklinik.sk\/en\/#website\",\"url\":\"https:\/\/rehabklinik.sk\/en\/\",\"name\":\"Rehab Klinik\",\"description\":\"Private physiotherapy Bratislava\",\"publisher\":{\"@id\":\"https:\/\/rehabklinik.sk\/en\/#organization\"},\"potentialAction\":[{\"@type\":\"SearchAction\",\"target\":{\"@type\":\"EntryPoint\",\"urlTemplate\":\"https:\/\/rehabklinik.sk\/en\/?s={search_term_string}\"},\"query-input\":{\"@type\":\"PropertyValueSpecification\",\"valueRequired\":true,\"valueName\":\"search_term_string\"}}],\"inLanguage\":\"en-US\"},{\"@type\":\"Organization\",\"@id\":\"https:\/\/rehabklinik.sk\/en\/#organization\",\"name\":\"Rehab-Klinik, s.r.o.\",\"url\":\"https:\/\/rehabklinik.sk\/en\/\",\"logo\":{\"@type\":\"ImageObject\",\"inLanguage\":\"en-US\",\"@id\":\"https:\/\/rehabklinik.sk\/en\/#\/schema\/logo\/image\/\",\"url\":\"https:\/\/rehabklinik.sk\/wp-content\/uploads\/2024\/09\/logo-rehab-klinik.png\",\"contentUrl\":\"https:\/\/rehabklinik.sk\/wp-content\/uploads\/2024\/09\/logo-rehab-klinik.png\",\"width\":2364,\"height\":940,\"caption\":\"Rehab-Klinik, s.r.o.\"},\"image\":{\"@id\":\"https:\/\/rehabklinik.sk\/en\/#\/schema\/logo\/image\/\"},\"sameAs\":[\"https:\/\/www.facebook.com\/rehabklinik\",\"https:\/\/www.instagram.com\/rehabklinik\/\"]}]}<\/script>\n<!-- \/ Yoast SEO plugin. -->","yoast_head_json":{"title":"Rehabilitation dictionary - Rehab Klinik","robots":{"index":"index","follow":"follow","max-snippet":"max-snippet:-1","max-image-preview":"max-image-preview:large","max-video-preview":"max-video-preview:-1"},"canonical":"https:\/\/rehabklinik.sk\/en\/rehabilitation-dictionary\/","og_locale":"en_US","og_type":"article","og_title":"Rehabilitation dictionary - Rehab Klinik","og_description":"Rehabilitation dictionary Abduction &#8211; movement of a body part away from the central axis of the body AC &#8211; acromioclavicular joint ACL &#8211; anterior cruciate ligament Adduction &#8211; movement of a body part towards the central axis of the body Adhesive capsulitis-frozen shoulder &#8211; wrinkling of the joint capsule leading to pain and limited range [&hellip;]","og_url":"https:\/\/rehabklinik.sk\/en\/rehabilitation-dictionary\/","og_site_name":"Rehab Klinik","article_publisher":"https:\/\/www.facebook.com\/rehabklinik","article_modified_time":"2025-02-04T15:28:58+00:00","twitter_card":"summary_large_image","twitter_misc":{"Est. reading time":"4 minutes"},"schema":{"@context":"https:\/\/schema.org","@graph":[{"@type":"WebPage","@id":"https:\/\/rehabklinik.sk\/en\/rehabilitation-dictionary\/","url":"https:\/\/rehabklinik.sk\/en\/rehabilitation-dictionary\/","name":"Rehabilitation dictionary - Rehab Klinik","isPartOf":{"@id":"https:\/\/rehabklinik.sk\/en\/#website"},"datePublished":"2024-10-27T16:37:28+00:00","dateModified":"2025-02-04T15:28:58+00:00","inLanguage":"en-US","potentialAction":[{"@type":"ReadAction","target":["https:\/\/rehabklinik.sk\/en\/rehabilitation-dictionary\/"]}]},{"@type":"WebSite","@id":"https:\/\/rehabklinik.sk\/en\/#website","url":"https:\/\/rehabklinik.sk\/en\/","name":"Rehab Klinik","description":"Private physiotherapy Bratislava","publisher":{"@id":"https:\/\/rehabklinik.sk\/en\/#organization"},"potentialAction":[{"@type":"SearchAction","target":{"@type":"EntryPoint","urlTemplate":"https:\/\/rehabklinik.sk\/en\/?s={search_term_string}"},"query-input":{"@type":"PropertyValueSpecification","valueRequired":true,"valueName":"search_term_string"}}],"inLanguage":"en-US"},{"@type":"Organization","@id":"https:\/\/rehabklinik.sk\/en\/#organization","name":"Rehab-Klinik, s.r.o.","url":"https:\/\/rehabklinik.sk\/en\/","logo":{"@type":"ImageObject","inLanguage":"en-US","@id":"https:\/\/rehabklinik.sk\/en\/#\/schema\/logo\/image\/","url":"https:\/\/rehabklinik.sk\/wp-content\/uploads\/2024\/09\/logo-rehab-klinik.png","contentUrl":"https:\/\/rehabklinik.sk\/wp-content\/uploads\/2024\/09\/logo-rehab-klinik.png","width":2364,"height":940,"caption":"Rehab-Klinik, s.r.o."},"image":{"@id":"https:\/\/rehabklinik.sk\/en\/#\/schema\/logo\/image\/"},"sameAs":["https:\/\/www.facebook.com\/rehabklinik","https:\/\/www.instagram.com\/rehabklinik\/"]}]}},"_links":{"self":[{"href":"https:\/\/rehabklinik.sk\/en\/wp-json\/wp\/v2\/pages\/32350","targetHints":{"allow":["GET"]}}],"collection":[{"href":"https:\/\/rehabklinik.sk\/en\/wp-json\/wp\/v2\/pages"}],"about":[{"href":"https:\/\/rehabklinik.sk\/en\/wp-json\/wp\/v2\/types\/page"}],"author":[{"embeddable":true,"href":"https:\/\/rehabklinik.sk\/en\/wp-json\/wp\/v2\/users\/1"}],"replies":[{"embeddable":true,"href":"https:\/\/rehabklinik.sk\/en\/wp-json\/wp\/v2\/comments?post=32350"}],"version-history":[{"count":1,"href":"https:\/\/rehabklinik.sk\/en\/wp-json\/wp\/v2\/pages\/32350\/revisions"}],"predecessor-version":[{"id":32351,"href":"https:\/\/rehabklinik.sk\/en\/wp-json\/wp\/v2\/pages\/32350\/revisions\/32351"}],"wp:attachment":[{"href":"https:\/\/rehabklinik.sk\/en\/wp-json\/wp\/v2\/media?parent=32350"}],"curies":[{"name":"wp","href":"https:\/\/api.w.org\/{rel}","templated":true}]}}